{"id":130,"date":"2014-09-21T10:39:21","date_gmt":"2014-09-21T08:39:21","guid":{"rendered":"http:\/\/web16.vps10313.alfahosting-vps.de\/?page_id=130"},"modified":"2024-01-31T11:49:00","modified_gmt":"2024-01-31T09:49:00","slug":"krippenausstellung","status":"publish","type":"page","link":"https:\/\/www.gemeinde-oberau.de\/?page_id=130","title":{"rendered":"Krippenausstellung"},"content":{"rendered":"<table style=\"width: 100%; border-collapse: collapse; border-style: hidden; border-color: #ffffff;\">\n<tbody>\n<tr>\n<td style=\"width: 65.5952%;\">Am 02. Dezember 2001 wurde das Oberauer Krippenmuseum in einem der \u00e4ltesten H\u00e4user unseres Ortes, dem &#8222;Schmiedbauerhaus&#8220; er\u00f6ffnet.Die Ausstellung umfasst 19 Weihnachtskrippen, die von Herrn Ludwig Reiser \u00fcber viele Jahre hinweg zusammengetragen wurden. Bei der Krippensammlung handelt es sich um Werke unterschiedlichster Gr\u00f6\u00dfe und Gestaltung. Die alpenl\u00e4ndischen, s\u00fcditalienischen und orientalischen Krippen werden dem Besucher auf einer Ausstellungsfl\u00e4che von \u00fcber 100 m\u00b2 vorgestellt.<\/td>\n<td style=\"width: 4.64282%; border-style: hidden; border-color: #ffffff; background-color: #e6e6e6; vertical-align: top;\"><\/td>\n<td style=\"width: 29.7619%; border-style: hidden; border-color: #ffffff; background-color: #e6e6e6; vertical-align: top;\">Ansprechpartner:<br \/>\nTourist-Information Oberau<br \/>\nSchmiedeweg 10<br \/>\n82496 Oberau<\/p>\n<p>Tel.: 08824 93 97 3<\/td>\n<\/tr>\n<\/tbody>\n<\/table>\n<p><strong>\u00d6ffnungszeiten:<br \/>\n<\/strong>Juli bis November: jeden Mittwoch von 13:00 bis 17:00 Uhr<\/p>\n<p>ab 1. Advent bis 1. Sonntag im Februar: von Dienstag bis Sonntag jeweils von 13:00 bis 17:00 Uhr;<br \/>\nmontags, Hl. Abend und Silvester geschlossen<\/p>\n<p><strong>Eintritt:<\/strong> 3,&#8211; Euro, Kinder bis 15 Jahre frei.<br \/>\n1x freier Eintritt mit G\u00e4stekarte Oberau<\/p>\n<p><b>Sonder\u00f6ffnungszeiten bestehen auch f\u00fcr Gruppen<\/b> nach Vereinbarung mit der<br \/>\n<a href=\"mailto:info@oberau.de\">Tourist Information Oberau<\/a> (Tel. 08824 93973).<\/p>\n\n\t\t<style type=\"text\/css\">\n\t\t\t#gallery-1 {\n\t\t\t\tmargin: auto;\n\t\t\t}\n\t\t\t#gallery-1 .gallery-item {\n\t\t\t\tfloat: left;\n\t\t\t\tmargin-top: 10px;\n\t\t\t\ttext-align: center;\n\t\t\t\twidth: 50%;\n\t\t\t}\n\t\t\t#gallery-1 img {\n\t\t\t\tborder: 2px solid #cfcfcf;\n\t\t\t}\n\t\t\t#gallery-1 .gallery-caption {\n\t\t\t\tmargin-left: 0;\n\t\t\t}\n\t\t\t\/* see gallery_shortcode() in wp-includes\/media.php *\/\n\t\t<\/style>\n\t\t<div id='gallery-1' class='gallery galleryid-130 gallery-columns-2 gallery-size-thumbnail'><dl class='gallery-item'>\n\t\t\t<dt class='gallery-icon landscape'>\n\t\t\t\t<a href='https:\/\/www.gemeinde-oberau.de\/wp-content\/uploads\/krippe2.jpg'><img loading=\"lazy\" decoding=\"async\" width=\"150\" height=\"150\" src=\"https:\/\/www.gemeinde-oberau.de\/wp-content\/uploads\/krippe2-150x150.jpg\" class=\"attachment-thumbnail size-thumbnail\" alt=\"Krippenausstellung\" aria-describedby=\"gallery-1-133\" \/><\/a>\n\t\t\t<\/dt>\n\t\t\t\t<dd class='wp-caption-text gallery-caption' id='gallery-1-133'>\n\t\t\t\tKrippenausstellung\n\t\t\t\t<\/dd><\/dl><dl class='gallery-item'>\n\t\t\t<dt class='gallery-icon landscape'>\n\t\t\t\t<a href='https:\/\/www.gemeinde-oberau.de\/wp-content\/uploads\/krippe.jpg'><img loading=\"lazy\" decoding=\"async\" width=\"150\" height=\"150\" src=\"https:\/\/www.gemeinde-oberau.de\/wp-content\/uploads\/krippe-150x150.jpg\" class=\"attachment-thumbnail size-thumbnail\" alt=\"Krippenausstellung\" aria-describedby=\"gallery-1-134\" \/><\/a>\n\t\t\t<\/dt>\n\t\t\t\t<dd class='wp-caption-text gallery-caption' id='gallery-1-134'>\n\t\t\t\tKrippenausstellung\n\t\t\t\t<\/dd><\/dl><br style=\"clear: both\" \/>\n\t\t<\/div>\n\n","protected":false},"excerpt":{"rendered":"<p>Am 02. Dezember 2001 wurde das Oberauer Krippenmuseum in einem der \u00e4ltesten H\u00e4user unseres Ortes, dem &#8222;Schmiedbauerhaus&#8220; er\u00f6ffnet.Die Ausstellung umfasst 19 Weihnachtskrippen, die von Herrn Ludwig Reiser \u00fcber viele Jahre hinweg zusammengetragen wurden. Bei der Krippensammlung handelt es sich um Werke unterschiedlichster Gr\u00f6\u00dfe und Gestaltung. Die alpenl\u00e4ndischen, s\u00fcditalienischen und orientalischen Krippen werden dem Besucher auf [&hellip;]<\/p>\n","protected":false},"author":1,"featured_media":0,"parent":49,"menu_order":0,"comment_status":"closed","ping_status":"closed","template":"","meta":{"jetpack_post_was_ever_published":false,"footnotes":""},"jetpack_shortlink":"https:\/\/wp.me\/P58YFn-26","jetpack_sharing_enabled":true,"_links":{"self":[{"href":"https:\/\/www.gemeinde-oberau.de\/index.php?rest_route=\/wp\/v2\/pages\/130"}],"collection":[{"href":"https:\/\/www.gemeinde-oberau.de\/index.php?rest_route=\/wp\/v2\/pages"}],"about":[{"href":"https:\/\/www.gemeinde-oberau.de\/index.php?rest_route=\/wp\/v2\/types\/page"}],"author":[{"embeddable":true,"href":"https:\/\/www.gemeinde-oberau.de\/index.php?rest_route=\/wp\/v2\/users\/1"}],"replies":[{"embeddable":true,"href":"https:\/\/www.gemeinde-oberau.de\/index.php?rest_route=%2Fwp%2Fv2%2Fcomments&post=130"}],"version-history":[{"count":15,"href":"https:\/\/www.gemeinde-oberau.de\/index.php?rest_route=\/wp\/v2\/pages\/130\/revisions"}],"predecessor-version":[{"id":3244,"href":"https:\/\/www.gemeinde-oberau.de\/index.php?rest_route=\/wp\/v2\/pages\/130\/revisions\/3244"}],"up":[{"embeddable":true,"href":"https:\/\/www.gemeinde-oberau.de\/index.php?rest_route=\/wp\/v2\/pages\/49"}],"wp:attachment":[{"href":"https:\/\/www.gemeinde-oberau.de\/index.php?rest_route=%2Fwp%2Fv2%2Fmedia&parent=130"}],"curies":[{"name":"wp","href":"https:\/\/api.w.org\/{rel}","templated":true}]}}