{"id":144,"date":"2014-09-21T10:50:49","date_gmt":"2014-09-21T08:50:49","guid":{"rendered":"http:\/\/web16.vps10313.alfahosting-vps.de\/?page_id=144"},"modified":"2026-02-12T12:24:25","modified_gmt":"2026-02-12T10:24:25","slug":"ortsplan","status":"publish","type":"page","link":"https:\/\/www.gemeinde-oberau.de\/?page_id=144","title":{"rendered":"Ortsplan"},"content":{"rendered":"<div id=\"attachment_147\" style=\"width: 782px\" class=\"wp-caption aligncenter\"><a href=\"https:\/\/www.gemeinde-oberau.de\/wp-content\/uploads\/OrtsplanOberau.png\"><img loading=\"lazy\" decoding=\"async\" aria-describedby=\"caption-attachment-147\" class=\"size-full wp-image-147\" src=\"https:\/\/www.gemeinde-oberau.de\/wp-content\/uploads\/OrtsplanOberau.png\" alt=\"Ortsplan Oberau\" width=\"772\" height=\"567\" srcset=\"https:\/\/www.gemeinde-oberau.de\/wp-content\/uploads\/OrtsplanOberau.png 772w, https:\/\/www.gemeinde-oberau.de\/wp-content\/uploads\/OrtsplanOberau-300x220.png 300w\" sizes=\"(max-width: 772px) 100vw, 772px\" \/><\/a><p id=\"caption-attachment-147\" class=\"wp-caption-text\">Ortsplan Oberau<\/p><\/div>\n<table border=\"0\" width=\"100%\" cellspacing=\"5\" cellpadding=\"5\">\n<tbody>\n<tr>\n<td>\n<p align=\"center\"><b><i>Stra\u00dfenverzeichnis<\/i><\/b><\/p>\n<table border=\"0\" width=\"760\" cellspacing=\"0\" align=\"center\">\n<tbody>\n<tr>\n<td valign=\"top\" width=\"149\">Alte Dorfstra\u00dfe<br \/>\nAlte Ettaler Stra\u00dfe<br \/>\nAm Gie\u00dfenbach<br \/>\nAm Gipsbruch<br \/>\nAm Kirchbichl<br \/>\nAm Kreuzacker<br \/>\nAm M\u00fchlberg<br \/>\nAm Werkkanal<br \/>\nAn der Loisachbr\u00fccke<br \/>\nAuwaldstra\u00dfe<br \/>\nBahnhofsplatz<br \/>\nBergstra\u00dfe<br \/>\nBischofstra\u00dfe<br \/>\nBuchwies<br \/>\nDaisenbergerstra\u00dfe<\/td>\n<td valign=\"top\" width=\"35\">C2<br \/>\nF2<br \/>\nB4<br \/>\nB4<br \/>\nC2<br \/>\nDE2<br \/>\nD3<br \/>\nF2<br \/>\nB1<br \/>\nC4<br \/>\nB2<br \/>\nE3<br \/>\nC3<br \/>\nA1<br \/>\nC3<\/td>\n<td valign=\"top\" width=\"150\">Enzianweg<br \/>\nErlenweg<br \/>\nEttaler Stra\u00dfe<br \/>\nIm Winkl<br \/>\nKirchweg<br \/>\nKrottenkopfstra\u00dfe<br \/>\nLoisachauenstra\u00dfe<br \/>\nLudwig-Greiller-Weg<br \/>\nLudwig-Thoma-Stra\u00dfe<br \/>\nFalkenstra\u00dfe<br \/>\nFl\u00f6\u00dferstra\u00dfe<br \/>\nFlurstra\u00dfe<br \/>\nHackenweg<br \/>\nHauptstra\u00dfe<br \/>\nHeubergstra\u00dfe<\/td>\n<td valign=\"top\" width=\"37\">E3<br \/>\nA2<br \/>\nE2<br \/>\nC2<br \/>\nC2<br \/>\nC3<br \/>\nA3<br \/>\nB2<br \/>\nA2<br \/>\nD3<br \/>\nB2<br \/>\nDE3<br \/>\nA2<br \/>\nBC2<br \/>\nBC3<\/td>\n<td valign=\"top\" width=\"135\">H\u00f6felestra\u00dfe<br \/>\nSonnenweg<br \/>\nTriftstra\u00dfe<br \/>\nUnterfeldstra\u00dfe<br \/>\nWerdenfelser Stra\u00dfe<br \/>\nWiesweg<br \/>\nMauthstra\u00dfe<br \/>\nM\u00fchlstra\u00dfe<br \/>\nM\u00fcnchner Stra\u00dfe<br \/>\nPoettingerstra\u00dfe<br \/>\nRi\u00dfkopfstra\u00dfe<br \/>\nSchmiedeweg<br \/>\nSchulstra\u00dfe<\/td>\n<td valign=\"top\" width=\"41\">E3<br \/>\nA2<br \/>\nB4C3<br \/>\nBC3<br \/>\nB12<br \/>\nD3<br \/>\nB2<br \/>\nCD2<br \/>\nA4B2<br \/>\nD2<br \/>\nC3<br \/>\nCD2<br \/>\nD2<\/td>\n<td valign=\"top\" width=\"199\"><b><i>Einrichtungen:<\/i><\/b><\/p>\n<table style=\"width: 96.0398%; height: 216px;\" border=\"0\" width=\"100%\" cellspacing=\"1\" bgcolor=\"#0000ff\">\n<tbody>\n<tr style=\"height: 27px;\">\n<td style=\"height: 27px;\" bgcolor=\"#ffffff\">Rathaus<\/td>\n<td style=\"height: 27px;\" bgcolor=\"#ffffff\">C2<\/td>\n<\/tr>\n<tr style=\"height: 27px;\">\n<td style=\"height: 27px;\" bgcolor=\"#ffffff\">Verkehrsamt<\/td>\n<td style=\"height: 27px;\" bgcolor=\"#ffffff\">C2<\/td>\n<\/tr>\n<tr style=\"height: 27px;\">\n<td style=\"height: 27px;\" bgcolor=\"#ffffff\">Bahnhof<\/td>\n<td style=\"height: 27px;\" bgcolor=\"#ffffff\">B2<\/td>\n<\/tr>\n<tr style=\"height: 27px;\" bgcolor=\"#ffffff\">\n<td style=\"height: 27px;\">Schwimmbad<\/td>\n<td style=\"height: 27px;\">B4<\/td>\n<\/tr>\n<tr style=\"height: 27px;\" bgcolor=\"#ffffff\">\n<td style=\"height: 27px;\">Golfplatz<\/td>\n<td style=\"height: 27px;\">A1<\/td>\n<\/tr>\n<tr style=\"height: 27px;\" bgcolor=\"#ffffff\">\n<td style=\"height: 27px;\">LIC Langmatz<\/td>\n<td style=\"height: 27px;\">F2<\/td>\n<\/tr>\n<tr style=\"height: 27px;\" bgcolor=\"#ffffff\">\n<td style=\"height: 27px;\">Pro Seniore<\/td>\n<td style=\"height: 27px;\">AB3<\/td>\n<\/tr>\n<\/tbody>\n<\/table>\n<\/td>\n<\/tr>\n<\/tbody>\n<\/table>\n<\/td>\n<\/tr>\n<\/tbody>\n<\/table>\n<h2>PDF-Version<\/h2>\n<p><a href=\"https:\/\/www.gemeinde-oberau.de\/wp-content\/uploads\/OrtsplanfarbigStrassenregisterPostagentur.pdf\">Der Ortsplan von Oberau als PDF zum Download &#8211; ideal zum Ausdrucken.<\/a><\/p>\n<h2><\/h2>\n<h2>Google Maps<\/h2>\n<p><iframe loading=\"lazy\" style=\"border: 0;\" src=\"https:\/\/www.google.com\/maps\/embed?pb=!1m14!1m12!1m3!1d5384.638588865644!2d11.13214609993074!3d47.56157570826697!2m3!1f0!2f0!3f0!3m2!1i1024!2i768!4f13.1!5e0!3m2!1sde!2sde!4v1415457006675\" width=\"800\" height=\"600\" frameborder=\"0\"><\/iframe><\/p>\n","protected":false},"excerpt":{"rendered":"<p>Stra\u00dfenverzeichnis Alte Dorfstra\u00dfe Alte Ettaler Stra\u00dfe Am Gie\u00dfenbach Am Gipsbruch Am Kirchbichl Am Kreuzacker Am M\u00fchlberg Am Werkkanal An der Loisachbr\u00fccke Auwaldstra\u00dfe Bahnhofsplatz Bergstra\u00dfe Bischofstra\u00dfe Buchwies Daisenbergerstra\u00dfe C2 F2 B4 B4 C2 DE2 D3 F2 B1 C4 B2 E3 C3 A1 C3 Enzianweg Erlenweg Ettaler Stra\u00dfe Im Winkl Kirchweg Krottenkopfstra\u00dfe Loisachauenstra\u00dfe Ludwig-Greiller-Weg Ludwig-Thoma-Stra\u00dfe Falkenstra\u00dfe Fl\u00f6\u00dferstra\u00dfe [&hellip;]<\/p>\n","protected":false},"author":1,"featured_media":0,"parent":0,"menu_order":4,"comment_status":"closed","ping_status":"closed","template":"","meta":{"jetpack_post_was_ever_published":false,"footnotes":""},"jetpack_shortlink":"https:\/\/wp.me\/P58YFn-2k","jetpack_sharing_enabled":true,"_links":{"self":[{"href":"https:\/\/www.gemeinde-oberau.de\/index.php?rest_route=\/wp\/v2\/pages\/144"}],"collection":[{"href":"https:\/\/www.gemeinde-oberau.de\/index.php?rest_route=\/wp\/v2\/pages"}],"about":[{"href":"https:\/\/www.gemeinde-oberau.de\/index.php?rest_route=\/wp\/v2\/types\/page"}],"author":[{"embeddable":true,"href":"https:\/\/www.gemeinde-oberau.de\/index.php?rest_route=\/wp\/v2\/users\/1"}],"replies":[{"embeddable":true,"href":"https:\/\/www.gemeinde-oberau.de\/index.php?rest_route=%2Fwp%2Fv2%2Fcomments&post=144"}],"version-history":[{"count":14,"href":"https:\/\/www.gemeinde-oberau.de\/index.php?rest_route=\/wp\/v2\/pages\/144\/revisions"}],"predecessor-version":[{"id":3875,"href":"https:\/\/www.gemeinde-oberau.de\/index.php?rest_route=\/wp\/v2\/pages\/144\/revisions\/3875"}],"wp:attachment":[{"href":"https:\/\/www.gemeinde-oberau.de\/index.php?rest_route=%2Fwp%2Fv2%2Fmedia&parent=144"}],"curies":[{"name":"wp","href":"https:\/\/api.w.org\/{rel}","templated":true}]}}