{"id":161,"date":"2014-09-21T11:08:28","date_gmt":"2014-09-21T09:08:28","guid":{"rendered":"http:\/\/web16.vps10313.alfahosting-vps.de\/?page_id=161"},"modified":"2026-03-17T08:52:59","modified_gmt":"2026-03-17T06:52:59","slug":"bartverein","status":"publish","type":"page","link":"https:\/\/www.gemeinde-oberau.de\/?page_id=161","title":{"rendered":"Bartverein"},"content":{"rendered":"<table style=\"width: 100%; border-collapse: collapse; border-style: hidden; border-color: #ffffff; height: 306px;\">\n<tbody>\n<tr style=\"height: 306px;\">\n<td style=\"width: 61.6667%; height: 306px;\"><img decoding=\"async\" src=\"https:\/\/www.gemeinde-oberau.de\/wp-content\/uploads\/Bartverein-scaled.jpg\" \/><\/td>\n<td style=\"width: 4.99994%; border-style: none; background-color: #c9c9c9; height: 306px;\"><\/td>\n<td style=\"width: 33.3333%; border-style: none; background-color: #c9c9c9; height: 306px;\"><strong>1. Vorstand<\/strong>Josef Guglh\u00f6r<br \/>\nFlurstr. 13<br \/>\n82496 Oberau<\/td>\n<\/tr>\n<\/tbody>\n<\/table>\n<p>Der Verein z\u00e4hlt ca. 100 Mitglieder.<\/p>\n<p>H\u00f6hepunkt ist die allj\u00e4hrlich am Aschermittwoch stattfindende Bartpr\u00e4mierung der Mitglieder.<\/p>\n<p>Bilder von der :\u00a0<a href=\"https:\/\/www.gemeinde-oberau.de\/wp-content\/uploads\/Bartverein2025-2-1.pdf\" target=\"_blank\" rel=\"noopener\">Bartpr\u00e4mierung 2025<\/a><\/p>\n","protected":false},"excerpt":{"rendered":"<p>1. VorstandJosef Guglh\u00f6r Flurstr. 13 82496 Oberau Der Verein z\u00e4hlt ca. 100 Mitglieder. H\u00f6hepunkt ist die allj\u00e4hrlich am Aschermittwoch stattfindende Bartpr\u00e4mierung der Mitglieder. Bilder von der :\u00a0Bartpr\u00e4mierung 2025<\/p>\n","protected":false},"author":1,"featured_media":0,"parent":149,"menu_order":0,"comment_status":"closed","ping_status":"closed","template":"","meta":{"jetpack_post_was_ever_published":false,"footnotes":""},"jetpack_shortlink":"https:\/\/wp.me\/P58YFn-2B","jetpack_sharing_enabled":true,"_links":{"self":[{"href":"https:\/\/www.gemeinde-oberau.de\/index.php?rest_route=\/wp\/v2\/pages\/161"}],"collection":[{"href":"https:\/\/www.gemeinde-oberau.de\/index.php?rest_route=\/wp\/v2\/pages"}],"about":[{"href":"https:\/\/www.gemeinde-oberau.de\/index.php?rest_route=\/wp\/v2\/types\/page"}],"author":[{"embeddable":true,"href":"https:\/\/www.gemeinde-oberau.de\/index.php?rest_route=\/wp\/v2\/users\/1"}],"replies":[{"embeddable":true,"href":"https:\/\/www.gemeinde-oberau.de\/index.php?rest_route=%2Fwp%2Fv2%2Fcomments&post=161"}],"version-history":[{"count":22,"href":"https:\/\/www.gemeinde-oberau.de\/index.php?rest_route=\/wp\/v2\/pages\/161\/revisions"}],"predecessor-version":[{"id":3918,"href":"https:\/\/www.gemeinde-oberau.de\/index.php?rest_route=\/wp\/v2\/pages\/161\/revisions\/3918"}],"up":[{"embeddable":true,"href":"https:\/\/www.gemeinde-oberau.de\/index.php?rest_route=\/wp\/v2\/pages\/149"}],"wp:attachment":[{"href":"https:\/\/www.gemeinde-oberau.de\/index.php?rest_route=%2Fwp%2Fv2%2Fmedia&parent=161"}],"curies":[{"name":"wp","href":"https:\/\/api.w.org\/{rel}","templated":true}]}}