{"id":182,"date":"2014-10-01T08:27:08","date_gmt":"2014-10-01T06:27:08","guid":{"rendered":"http:\/\/web16.vps10313.alfahosting-vps.de\/?page_id=182"},"modified":"2023-12-22T09:33:39","modified_gmt":"2023-12-22T07:33:39","slug":"bergwacht","status":"publish","type":"page","link":"https:\/\/www.gemeinde-oberau.de\/?page_id=182","title":{"rendered":"Bergwacht"},"content":{"rendered":"<table class=\" alignleft\" style=\"width: 100%; border-collapse: collapse; border-style: hidden; border-color: #ffffff;\">\n<tbody>\n<tr>\n<td style=\"width: 70%; vertical-align: bottom;\">Wir sind ein Team von 43 aktiven Bergwachtm\u00e4nnern und -frauen und derzeit 5 Anw\u00e4rtern, die sich ehrenamtlich f\u00fcr die Bergrettung in Bayern engagieren. Seit der\u00a0<a class=\"internal-link\" title=\"\u00d6ffnet den Link im aktuellen Fenster\" href=\"http:\/\/www.bergwacht-bayern.de\/index.php?id=5763\" target=\"_blank\" rel=\"noopener\">Gr\u00fcndung<\/a>\u00a0unserer Bereitschaft im Jahr 1931 ist es unsere\u00a0<a class=\"internal-link\" title=\"\u00d6ffnet den Link im aktuellen Fenster\" href=\"http:\/\/www.bergwacht-bayern.de\/index.php?id=9076\" target=\"_blank\" rel=\"noopener\">Aufgabe<\/a>, Menschen aus Bergnot zu retten, das hei\u00dft Wanderern, Ski- und Schlittenfahrern, Kletterern, Canyong\u00e4ngern und H\u00f6hleng\u00e4nger bei Notf\u00e4llen im unwegsamen Gel\u00e4nde zu helfen.<\/td>\n<td style=\"width: 2.61904%; background-color: #dbdbdb; border-color: #ffffff; border-style: hidden;\"><\/td>\n<td style=\"width: 27.3809%; border-style: hidden; border-color: #ffffff; background-color: #dbdbdb; text-align: left; vertical-align: middle;\">1. Bereitschaftsleiter<\/p>\n<p>Josef Lohr<br \/>\nM\u00fchlstr. 7<br \/>\n82496 Oberau<\/p>\n<p>Tel. 08824\/219263<\/td>\n<\/tr>\n<\/tbody>\n<\/table>\n<p class=\"bodytext\">Das\u00a0<a class=\"internal-link\" title=\"\u00d6ffnet den Link im aktuellen Fenster\" href=\"http:\/\/www.bergwacht-bayern.de\/index.php?id=5766\" target=\"_blank\" rel=\"noopener\">Einsatz- und Dienstgebiet<\/a>\u00a0der Bergwacht Oberau erstreckt sich \u00fcber die Gemeindefl\u00e4che der Gemeinde Oberau und Teile der Gemeinde Eschenlohe. Im Sommer leisten wir Vorsorgedienst in den Klettergebieten im Oberreintal und auf der Meilerh\u00fctte. Im Winter sind wir neben dem ortseigenen Skilift im gesamten Gamisch-Partenkirchner Skigebiet im Vorsorgedienst t\u00e4tig.<\/p>\n<p class=\"bodytext\"><a title=\"Bergwacht Oberau\" href=\"http:\/\/www.bergwacht-bayern.org\/oberau.html\" target=\"_blank\" rel=\"noopener\">Hier finden Sie die Seiten der Bergwacht Oberau.<\/a><\/p>\n<p class=\"bodytext\"><a title=\"Bergwacht-Jugend Oberau\" href=\"http:\/\/www.bergwacht-oberau.de\" target=\"_blank\" rel=\"noopener\">Hier finden Sie die Seiten der Bergwacht-Jugend Oberau.<\/a><\/p>\n","protected":false},"excerpt":{"rendered":"<p>Wir sind ein Team von 43 aktiven Bergwachtm\u00e4nnern und -frauen und derzeit 5 Anw\u00e4rtern, die sich ehrenamtlich f\u00fcr die Bergrettung in Bayern engagieren. Seit der\u00a0Gr\u00fcndung\u00a0unserer Bereitschaft im Jahr 1931 ist es unsere\u00a0Aufgabe, Menschen aus Bergnot zu retten, das hei\u00dft Wanderern, Ski- und Schlittenfahrern, Kletterern, Canyong\u00e4ngern und H\u00f6hleng\u00e4nger bei Notf\u00e4llen im unwegsamen Gel\u00e4nde zu helfen. 1. [&hellip;]<\/p>\n","protected":false},"author":1,"featured_media":0,"parent":149,"menu_order":0,"comment_status":"closed","ping_status":"closed","template":"","meta":{"jetpack_post_was_ever_published":false,"footnotes":""},"jetpack_shortlink":"https:\/\/wp.me\/P58YFn-2W","jetpack_sharing_enabled":true,"_links":{"self":[{"href":"https:\/\/www.gemeinde-oberau.de\/index.php?rest_route=\/wp\/v2\/pages\/182"}],"collection":[{"href":"https:\/\/www.gemeinde-oberau.de\/index.php?rest_route=\/wp\/v2\/pages"}],"about":[{"href":"https:\/\/www.gemeinde-oberau.de\/index.php?rest_route=\/wp\/v2\/types\/page"}],"author":[{"embeddable":true,"href":"https:\/\/www.gemeinde-oberau.de\/index.php?rest_route=\/wp\/v2\/users\/1"}],"replies":[{"embeddable":true,"href":"https:\/\/www.gemeinde-oberau.de\/index.php?rest_route=%2Fwp%2Fv2%2Fcomments&post=182"}],"version-history":[{"count":4,"href":"https:\/\/www.gemeinde-oberau.de\/index.php?rest_route=\/wp\/v2\/pages\/182\/revisions"}],"predecessor-version":[{"id":3215,"href":"https:\/\/www.gemeinde-oberau.de\/index.php?rest_route=\/wp\/v2\/pages\/182\/revisions\/3215"}],"up":[{"embeddable":true,"href":"https:\/\/www.gemeinde-oberau.de\/index.php?rest_route=\/wp\/v2\/pages\/149"}],"wp:attachment":[{"href":"https:\/\/www.gemeinde-oberau.de\/index.php?rest_route=%2Fwp%2Fv2%2Fmedia&parent=182"}],"curies":[{"name":"wp","href":"https:\/\/api.w.org\/{rel}","templated":true}]}}