{"id":186,"date":"2014-10-01T08:33:48","date_gmt":"2014-10-01T06:33:48","guid":{"rendered":"http:\/\/web16.vps10313.alfahosting-vps.de\/?page_id=186"},"modified":"2026-02-04T16:54:03","modified_gmt":"2026-02-04T14:54:03","slug":"kath-frauengemeinschaft","status":"publish","type":"page","link":"https:\/\/www.gemeinde-oberau.de\/?page_id=186","title":{"rendered":"Kath. Frauengemeinschaft"},"content":{"rendered":"<p>[stextbox id=&#8220;info&#8220; caption=&#8220;Ansprechpartner&#8220; float=&#8220;true&#8220; align=&#8220;right&#8220; width=&#8220;200&#8243;]<\/p>\n<p>1. Vorsitzende<\/p>\n<p>Franziska Hamm<br \/>\nErlenweg 18<br \/>\n82496 Oberau<\/p>\n<p>[\/stextbox]<br \/>\nAm 7. Dezember 1981 wurde zusammen mit dem damaligen Pfarrer Othmar Auer &#8222;im Rahmen einer gem\u00fctsvollen, sinnlichen Adventsfeier&#8220; gegr\u00fcndet, so berichtet die liebevoll gestaltete Chronik des Vereins.<\/p>\n<p>Am Lichtmesstag 1982 wurde dann die erste Vorstandschaft des Katholischen Frauenbundes in Oberau mit Maria Fischer als Vorsitzende gew\u00e4hlt. 20 Jahre f\u00fchrte sie mit viel Herzblut den Verein.<\/p>\n<p>Seit der Gr\u00fcndung ist der Frauenbund seinem Ziel treu geblieben, dort zu helfen, wo er gebraucht wird und christliche Werte zu f\u00f6rdern.<\/p>\n<p>Am 8. M\u00e4rz 2012 benannte sich der Katholische Frauenbund in \u201eKatholische Frauengemeinschaft Oberau e.V.&#8220; um.<\/p>\n<p>Der Katholischen Frauengemeinschaft geh\u00f6ren zurzeit etwa 180 Frauen an, die ehrenamtlich ihr Engagement im kirchlichen, sozialen und karitativen Bereich einbringen. Zu ihren T\u00e4tigkeitsfeldern z\u00e4hlen die Gestaltung von Gottesdiensten und Andachten, Krankenbesuchen, aber auch das Organisieren von Festen, Veranstaltungen und Ausfl\u00fcgen.<\/p>\n<p>Der Erl\u00f6s aus dem Verkauf von selbst gebastelten Palmbuschen am Palmsonntag und dem Verkauf von Kuchen auf dem Nikolausmarkt dient als finanzielle Grundlage f\u00fcr die Unterst\u00fctzung von Bed\u00fcrftigen, sozialen und karitativen Einrichtungen.<\/p>\n<p>Jeden Monat werden die Mitglieder der Kath. Frauengemeinschaft \u00fcber die neuesten Termine und Vorhaben durch ein Rundschreiben informiert.<\/p>\n<p>Neue Mitglieder sind jeder Zeit willkommen. Der Mitgliedsbeitrag betr\u00e4gt 12 \u20ac.<\/p>\n<p>Seit Januar 2026 ist Franziska Hamm die erste Vorsitzende, die die Nachfolge von Andrea Jais angetreten hat, die den Verein seit 2014 erfolgreich und mit hohem Engagement geleitet hatte.<\/p>\n<p style=\"text-align: center;\">\n","protected":false},"excerpt":{"rendered":"<p>[stextbox id=&#8220;info&#8220; caption=&#8220;Ansprechpartner&#8220; float=&#8220;true&#8220; align=&#8220;right&#8220; width=&#8220;200&#8243;] 1. Vorsitzende Franziska Hamm Erlenweg 18 82496 Oberau [\/stextbox] Am 7. Dezember 1981 wurde zusammen mit dem damaligen Pfarrer Othmar Auer &#8222;im Rahmen einer gem\u00fctsvollen, sinnlichen Adventsfeier&#8220; gegr\u00fcndet, so berichtet die liebevoll gestaltete Chronik des Vereins. Am Lichtmesstag 1982 wurde dann die erste Vorstandschaft des Katholischen Frauenbundes in Oberau [&hellip;]<\/p>\n","protected":false},"author":1,"featured_media":0,"parent":149,"menu_order":0,"comment_status":"closed","ping_status":"closed","template":"","meta":{"jetpack_post_was_ever_published":false,"footnotes":""},"jetpack_shortlink":"https:\/\/wp.me\/P58YFn-30","jetpack_sharing_enabled":true,"_links":{"self":[{"href":"https:\/\/www.gemeinde-oberau.de\/index.php?rest_route=\/wp\/v2\/pages\/186"}],"collection":[{"href":"https:\/\/www.gemeinde-oberau.de\/index.php?rest_route=\/wp\/v2\/pages"}],"about":[{"href":"https:\/\/www.gemeinde-oberau.de\/index.php?rest_route=\/wp\/v2\/types\/page"}],"author":[{"embeddable":true,"href":"https:\/\/www.gemeinde-oberau.de\/index.php?rest_route=\/wp\/v2\/users\/1"}],"replies":[{"embeddable":true,"href":"https:\/\/www.gemeinde-oberau.de\/index.php?rest_route=%2Fwp%2Fv2%2Fcomments&post=186"}],"version-history":[{"count":6,"href":"https:\/\/www.gemeinde-oberau.de\/index.php?rest_route=\/wp\/v2\/pages\/186\/revisions"}],"predecessor-version":[{"id":3868,"href":"https:\/\/www.gemeinde-oberau.de\/index.php?rest_route=\/wp\/v2\/pages\/186\/revisions\/3868"}],"up":[{"embeddable":true,"href":"https:\/\/www.gemeinde-oberau.de\/index.php?rest_route=\/wp\/v2\/pages\/149"}],"wp:attachment":[{"href":"https:\/\/www.gemeinde-oberau.de\/index.php?rest_route=%2Fwp%2Fv2%2Fmedia&parent=186"}],"curies":[{"name":"wp","href":"https:\/\/api.w.org\/{rel}","templated":true}]}}