{"id":2405,"date":"2021-06-15T14:57:23","date_gmt":"2021-06-15T12:57:23","guid":{"rendered":"http:\/\/www.gemeinde-oberau.de\/?page_id=2405"},"modified":"2021-06-15T14:59:40","modified_gmt":"2021-06-15T12:59:40","slug":"buergeracker","status":"publish","type":"page","link":"https:\/\/www.gemeinde-oberau.de\/?page_id=2405","title":{"rendered":"B\u00fcrgeracker"},"content":{"rendered":"\n<p><br \/>&#8222;Sonnen\u00e4cker Oberau&#8220;: Sie w\u00fcrden gerne selbst angebautes Gem\u00fcse essen, haben keinen eigenen Garten oder Ihr Garten ist zu klein? Bauen Sie Ihr eigenes Gem\u00fcse auf guten Ackerstandorten in Oberau an&#8230;<\/p>\n<p>Auch in Oberau gibt es einen Standort der WERDENFELSER LAND Sonnen\u00e4cker. Hier finden Sie alle Informationen:<br \/><a href=\"https:\/\/www.unserland.info\/werdenfelser-land\/werdenfelser-land-projekte\/sonnenaecker\">https:\/\/www.unserland.info\/werdenfelser-land\/werdenfelser-land-projekte\/sonnenaecker<\/a><\/p>\n<p>Ihre Ansprechpartnerin:<br \/>Katharina Benedikt<br \/>82441 Ohlstadt, Hauptstra\u00dfe 16<br \/>Telefon: 08841 \/ 7223<br \/>Telefax: 08841 \/ 676805<br \/>E-Mail: abenedikt@t-online.de<\/p>\n<p>\u00a0<\/p>\n","protected":false},"excerpt":{"rendered":"<p>&#8222;Sonnen\u00e4cker Oberau&#8220;: Sie w\u00fcrden gerne selbst angebautes Gem\u00fcse essen, haben keinen eigenen Garten oder Ihr Garten ist zu klein? Bauen Sie Ihr eigenes Gem\u00fcse auf guten Ackerstandorten in Oberau an&#8230; Auch in Oberau gibt es einen Standort der WERDENFELSER LAND Sonnen\u00e4cker. Hier finden Sie alle Informationen:https:\/\/www.unserland.info\/werdenfelser-land\/werdenfelser-land-projekte\/sonnenaecker Ihre Ansprechpartnerin:Katharina Benedikt82441 Ohlstadt, Hauptstra\u00dfe 16Telefon: 08841 \/ 7223Telefax: [&hellip;]<\/p>\n","protected":false},"author":4,"featured_media":0,"parent":49,"menu_order":0,"comment_status":"closed","ping_status":"closed","template":"","meta":{"jetpack_post_was_ever_published":false,"footnotes":""},"jetpack_shortlink":"https:\/\/wp.me\/P58YFn-CN","jetpack_sharing_enabled":true,"_links":{"self":[{"href":"https:\/\/www.gemeinde-oberau.de\/index.php?rest_route=\/wp\/v2\/pages\/2405"}],"collection":[{"href":"https:\/\/www.gemeinde-oberau.de\/index.php?rest_route=\/wp\/v2\/pages"}],"about":[{"href":"https:\/\/www.gemeinde-oberau.de\/index.php?rest_route=\/wp\/v2\/types\/page"}],"author":[{"embeddable":true,"href":"https:\/\/www.gemeinde-oberau.de\/index.php?rest_route=\/wp\/v2\/users\/4"}],"replies":[{"embeddable":true,"href":"https:\/\/www.gemeinde-oberau.de\/index.php?rest_route=%2Fwp%2Fv2%2Fcomments&post=2405"}],"version-history":[{"count":3,"href":"https:\/\/www.gemeinde-oberau.de\/index.php?rest_route=\/wp\/v2\/pages\/2405\/revisions"}],"predecessor-version":[{"id":2408,"href":"https:\/\/www.gemeinde-oberau.de\/index.php?rest_route=\/wp\/v2\/pages\/2405\/revisions\/2408"}],"up":[{"embeddable":true,"href":"https:\/\/www.gemeinde-oberau.de\/index.php?rest_route=\/wp\/v2\/pages\/49"}],"wp:attachment":[{"href":"https:\/\/www.gemeinde-oberau.de\/index.php?rest_route=%2Fwp%2Fv2%2Fmedia&parent=2405"}],"curies":[{"name":"wp","href":"https:\/\/api.w.org\/{rel}","templated":true}]}}