{"id":244,"date":"2014-10-01T09:41:07","date_gmt":"2014-10-01T07:41:07","guid":{"rendered":"http:\/\/web16.vps10313.alfahosting-vps.de\/?page_id=244"},"modified":"2025-11-07T09:48:39","modified_gmt":"2025-11-07T07:48:39","slug":"veteranenverein","status":"publish","type":"page","link":"https:\/\/www.gemeinde-oberau.de\/?page_id=244","title":{"rendered":"Veteranenverein"},"content":{"rendered":"<p>[stextbox id=&#8220;info&#8220; caption=&#8220;Ansprechpartner&#8220; float=&#8220;true&#8220; align=&#8220;right&#8220; width=&#8220;250&#8243;]<\/p>\n<p>Vorstand<\/p>\n<p>Bernhard H\u00fcbner, Am Kirchbichl 4 d, 82496 Oberau, huebner-bernhard@web.de<\/p>\n<p>[\/stextbox]<\/p>\n<p>Am 11. M\u00e4rz 1911 wurde der Veteranen- und Kriegerverein Oberau gegr\u00fcndet.<\/p>\n<p>Die Schwerpunkte und Ziele des Vereins, die in einer ersten Sitzung unter dem 1.Vorstand Hugl formuliert und in die Statuten aufgenommen wurden, waren Treue zum bayerischen Herrscherhaus der Wittelsbacher, Verbundenheit mit Kaiser und Reich, Liebe zum Vaterland, Pflege der Kameradschaft und Veranstaltung eines w\u00fcrdigen Begr\u00e4bnisses der Vereinsmitglieder.<\/p>\n<p>Die erste Fahne des Vereins, die gegenw\u00e4rtig in der Oberauer Krippenausstellung in einer Glasvitrine pr\u00e4sentiert wird, wurde am 16. Juni 1912 feierlich geweiht.<\/p>\n<p>Durch den Ausbruch des 1. Weltkriegs \u00e4nderte sich das Vereinsleben schlagartig und viele M\u00e4nner mussten an die Front.<\/p>\n<p>In den Jahren nach 1919 wurden die Vereinsaktivit\u00e4ten wieder aufgenommen und der Veteranen- und Kriegerverein bl\u00fchte bis zum Ausbruch der Weltwirtschaftskrise 1929 wieder auf.<\/p>\n<p>In den 1930 er Jahren verlor der Verein unter der Herrschaft des Nationalsozialismus zunehmend an Eigenst\u00e4ndigkeit.\u00a0Die sukzessive Einflussnahme durch die neue Regierung unter Adolf Hitler wurde auf den Verein immer gr\u00f6\u00dfer und hatte zur Folge, dass der Veteranen- und Kriegerverein 1943 von der NSDAP \u00fcbernommen wurde.<\/p>\n<p>Nach dem 2. Weltkrieg wurde der Verein durch ein Kontrollgesetz aufgel\u00f6st, da er dem nationalsozialistischem Regime gedient hatte.<\/p>\n<p>Die Wiedergr\u00fcndung erfolgte auf Vorschlag von Josef L\u00f6cherer (&#8222;Spamer&#8220;), der am 6. Januar 1951 in geheimer Wahl von 38 Kameraden zum 1. Vorstand gew\u00e4hlt wurde.<\/p>\n<p>Eine neue Vereinsfahne, die von den Klosterschwestern aus Schlehdorf gefertigt wurde, konnte im Rahmen des 60j\u00e4hrigen Gr\u00fcndungsfestes des Vereins am 25. Juli1971 geweiht werden. Dank der Unterst\u00fctzung vieler freiwilliger Helfer, wurde zum Gedenken an die gefallenen, vermissten und verstorbenen Soldaten ein Heldenkreuz errichtet, das am 14. September 1997 von Pfarrer Othmar Auer eingeweiht wurde.<\/p>\n<p>In Zusammenarbeit mit dem Veteranen- und Kriegerverein Farchant wurde 2003 an der ehemaligen kurbairisch- werdenfelsischen Grenze am R\u00f6hrlbach und an der Schanz ein Gedenkstein errichtet und noch im selben Jahr am 24. August eingeweiht. Das Mahnmal erinnert an das Gefecht am &#8222;Steinernen Br\u00fcckl\u201c, das 1703 w\u00e4hrend des Spanischen Erbfolgekriegs ausgetragen wurde. Eine Brosch\u00fcre zur &#8222;Schlacht am steinernen Br\u00fcckl\u201c kann in der Tourist-Information Oberau erworben werden.<\/p>\n<p>Das in die Jahre gekommene Kriegerdenkmal konnte am 9. Oktober 2005 durch die Unterst\u00fctzung und Tatkraft vieler ehrenamtlicher Helfer renoviert eingeweiht werden. Zu einem der H\u00f6hepunkte z\u00e4hlt sicherlich das 100j\u00e4hrige Gr\u00fcndungsfest, dass unter dem 1. Vorstand Hans R\u00f6ckl am 28. und 29. Mai 2011 mit einem Gottesdienst an der Lourdesgrotte und im Vereinslokal Gasthof zur Post gefeiert wurde.<\/p>\n<p>&#8222;In den 100 Jahren des Bestehens des Vereins hat sich zwar die Zeit, nicht aber die Aufgabe des Vereins ge\u00e4ndert.(&#8230;) Aufgabe des Vereins sei, der gefallenen, verstorbenen und vermissten Mitgliedern zu gedenken und sie zu ehren\u201c (Schelle, Heinz; Festschrift, 100j\u00e4hriges Jubil\u00e4um des Veteranen \u2013 und Kriegervereins Oberau (1911-2011), Oberau 2011, S. 47).<\/p>\n<p>Der Verein ist bestrebt, ehemalige Kriegsteilnehmer sowie ehemalige oder derzeit Wehrdienstleistende Bundeswehrsoldaten als aktives Mitglied zu gewinnen.<\/p>\n<p>Dar\u00fcber hinaus freuen wir uns \u00fcber f\u00f6rdernde (passive) Mitglieder, die zum Erhalt des Vereins beitragen.<\/p>\n<p>Der Jahresbeitrag f\u00fcr jedes Mitglied betr\u00e4gt 8 Euro.<\/p>\n<p>Aktivit\u00e4ten des Vereins:<\/p>\n<p>Sto\u00dfbuddelturniere<br \/>\nLuftgewehrschie\u00dfen<br \/>\nMessen am Heldenkreuz<br \/>\nVereinsausflug<\/p>\n<p>Die Mitgliederzahl des Vereins betr\u00e4gt derzeit 147, davon 6 Ehrenmitglieder und ein Ehrenvorstand.<\/p>\n\n\t\t<style type=\"text\/css\">\n\t\t\t#gallery-1 {\n\t\t\t\tmargin: auto;\n\t\t\t}\n\t\t\t#gallery-1 .gallery-item {\n\t\t\t\tfloat: left;\n\t\t\t\tmargin-top: 10px;\n\t\t\t\ttext-align: center;\n\t\t\t\twidth: 33%;\n\t\t\t}\n\t\t\t#gallery-1 img {\n\t\t\t\tborder: 2px solid #cfcfcf;\n\t\t\t}\n\t\t\t#gallery-1 .gallery-caption {\n\t\t\t\tmargin-left: 0;\n\t\t\t}\n\t\t\t\/* see gallery_shortcode() in wp-includes\/media.php *\/\n\t\t<\/style>\n\t\t<div id='gallery-1' class='gallery galleryid-244 gallery-columns-3 gallery-size-thumbnail'><dl class='gallery-item'>\n\t\t\t<dt class='gallery-icon landscape'>\n\t\t\t\t<a href='https:\/\/www.gemeinde-oberau.de\/?attachment_id=245'><img loading=\"lazy\" decoding=\"async\" width=\"150\" height=\"150\" src=\"https:\/\/www.gemeinde-oberau.de\/wp-content\/uploads\/Veteranen1-150x150.jpg\" class=\"attachment-thumbnail size-thumbnail\" alt=\"\" aria-describedby=\"gallery-1-245\" \/><\/a>\n\t\t\t<\/dt>\n\t\t\t\t<dd class='wp-caption-text gallery-caption' id='gallery-1-245'>\n\t\t\t\tGedenkstein zur Schlacht &#8222;Am steinernen Br\u00fcckerl&#8220;\n\t\t\t\t<\/dd><\/dl><dl class='gallery-item'>\n\t\t\t<dt class='gallery-icon landscape'>\n\t\t\t\t<a href='https:\/\/www.gemeinde-oberau.de\/?attachment_id=246'><img loading=\"lazy\" decoding=\"async\" width=\"150\" height=\"150\" src=\"https:\/\/www.gemeinde-oberau.de\/wp-content\/uploads\/VerterananDenkmal2-150x150.jpg\" class=\"attachment-thumbnail size-thumbnail\" alt=\"\" aria-describedby=\"gallery-1-246\" \/><\/a>\n\t\t\t<\/dt>\n\t\t\t\t<dd class='wp-caption-text gallery-caption' id='gallery-1-246'>\n\t\t\t\tKriegerdenkmal, geschm\u00fcckt zum 100-j\u00e4hrigen Vereinsjubil\u00e4um\n\t\t\t\t<\/dd><\/dl><dl class='gallery-item'>\n\t\t\t<dt class='gallery-icon landscape'>\n\t\t\t\t<a href='https:\/\/www.gemeinde-oberau.de\/?attachment_id=247'><img loading=\"lazy\" decoding=\"async\" width=\"150\" height=\"150\" src=\"https:\/\/www.gemeinde-oberau.de\/wp-content\/uploads\/VererananRoeckl-150x150.jpg\" class=\"attachment-thumbnail size-thumbnail\" alt=\"\" aria-describedby=\"gallery-1-247\" \/><\/a>\n\t\t\t<\/dt>\n\t\t\t\t<dd class='wp-caption-text gallery-caption' id='gallery-1-247'>\n\t\t\t\tHans R\u00f6ckl wird zum Ehrenvorstand des Vereins ernannt.\n\t\t\t\t<\/dd><\/dl><br style=\"clear: both\" \/><dl class='gallery-item'>\n\t\t\t<dt class='gallery-icon landscape'>\n\t\t\t\t<a href='https:\/\/www.gemeinde-oberau.de\/?attachment_id=248'><img loading=\"lazy\" decoding=\"async\" width=\"150\" height=\"150\" src=\"https:\/\/www.gemeinde-oberau.de\/wp-content\/uploads\/VeterananAusschuss-150x150.jpg\" class=\"attachment-thumbnail size-thumbnail\" alt=\"\" aria-describedby=\"gallery-1-248\" \/><\/a>\n\t\t\t<\/dt>\n\t\t\t\t<dd class='wp-caption-text gallery-caption' id='gallery-1-248'>\n\t\t\t\tDie Vorstandschaft 2013\n\t\t\t\t<\/dd><\/dl><dl class='gallery-item'>\n\t\t\t<dt class='gallery-icon landscape'>\n\t\t\t\t<a href='https:\/\/www.gemeinde-oberau.de\/?attachment_id=249'><img loading=\"lazy\" decoding=\"async\" width=\"150\" height=\"150\" src=\"https:\/\/www.gemeinde-oberau.de\/wp-content\/uploads\/VeteranenMesse-150x150.jpg\" class=\"attachment-thumbnail size-thumbnail\" alt=\"\" aria-describedby=\"gallery-1-249\" \/><\/a>\n\t\t\t<\/dt>\n\t\t\t\t<dd class='wp-caption-text gallery-caption' id='gallery-1-249'>\n\t\t\t\tMesse am Heldenkreuz 2009\n\t\t\t\t<\/dd><\/dl><dl class='gallery-item'>\n\t\t\t<dt class='gallery-icon landscape'>\n\t\t\t\t<a href='https:\/\/www.gemeinde-oberau.de\/?attachment_id=250'><img loading=\"lazy\" decoding=\"async\" width=\"150\" height=\"150\" src=\"https:\/\/www.gemeinde-oberau.de\/wp-content\/uploads\/VeteranenGrotte-150x150.jpg\" class=\"attachment-thumbnail size-thumbnail\" alt=\"\" aria-describedby=\"gallery-1-250\" \/><\/a>\n\t\t\t<\/dt>\n\t\t\t\t<dd class='wp-caption-text gallery-caption' id='gallery-1-250'>\n\t\t\t\tMesse an der Lourdesgrotte, anl\u00e4\u00dflich des 100-j\u00e4hrigen Vereinsjubil\u00e4um.\n\t\t\t\t<\/dd><\/dl><br style=\"clear: both\" \/>\n\t\t<\/div>\n\n","protected":false},"excerpt":{"rendered":"<p>[stextbox id=&#8220;info&#8220; caption=&#8220;Ansprechpartner&#8220; float=&#8220;true&#8220; align=&#8220;right&#8220; width=&#8220;250&#8243;] Vorstand Bernhard H\u00fcbner, Am Kirchbichl 4 d, 82496 Oberau, huebner-bernhard@web.de [\/stextbox] Am 11. M\u00e4rz 1911 wurde der Veteranen- und Kriegerverein Oberau gegr\u00fcndet. Die Schwerpunkte und Ziele des Vereins, die in einer ersten Sitzung unter dem 1.Vorstand Hugl formuliert und in die Statuten aufgenommen wurden, waren Treue zum bayerischen Herrscherhaus [&hellip;]<\/p>\n","protected":false},"author":1,"featured_media":0,"parent":149,"menu_order":0,"comment_status":"closed","ping_status":"closed","template":"","meta":{"jetpack_post_was_ever_published":false,"footnotes":""},"jetpack_shortlink":"https:\/\/wp.me\/P58YFn-3W","jetpack_sharing_enabled":true,"_links":{"self":[{"href":"https:\/\/www.gemeinde-oberau.de\/index.php?rest_route=\/wp\/v2\/pages\/244"}],"collection":[{"href":"https:\/\/www.gemeinde-oberau.de\/index.php?rest_route=\/wp\/v2\/pages"}],"about":[{"href":"https:\/\/www.gemeinde-oberau.de\/index.php?rest_route=\/wp\/v2\/types\/page"}],"author":[{"embeddable":true,"href":"https:\/\/www.gemeinde-oberau.de\/index.php?rest_route=\/wp\/v2\/users\/1"}],"replies":[{"embeddable":true,"href":"https:\/\/www.gemeinde-oberau.de\/index.php?rest_route=%2Fwp%2Fv2%2Fcomments&post=244"}],"version-history":[{"count":6,"href":"https:\/\/www.gemeinde-oberau.de\/index.php?rest_route=\/wp\/v2\/pages\/244\/revisions"}],"predecessor-version":[{"id":3799,"href":"https:\/\/www.gemeinde-oberau.de\/index.php?rest_route=\/wp\/v2\/pages\/244\/revisions\/3799"}],"up":[{"embeddable":true,"href":"https:\/\/www.gemeinde-oberau.de\/index.php?rest_route=\/wp\/v2\/pages\/149"}],"wp:attachment":[{"href":"https:\/\/www.gemeinde-oberau.de\/index.php?rest_route=%2Fwp%2Fv2%2Fmedia&parent=244"}],"curies":[{"name":"wp","href":"https:\/\/api.w.org\/{rel}","templated":true}]}}