{"id":2452,"date":"2021-06-25T09:03:35","date_gmt":"2021-06-25T07:03:35","guid":{"rendered":"http:\/\/www.gemeinde-oberau.de\/?page_id=2452"},"modified":"2025-05-22T11:36:11","modified_gmt":"2025-05-22T09:36:11","slug":"leader-projekt-das-goldene-au","status":"publish","type":"page","link":"https:\/\/www.gemeinde-oberau.de\/?page_id=2452","title":{"rendered":"LEADER-Projekt &#8222;Das Goldene Au&#8220;"},"content":{"rendered":"\n<p style=\"text-align: left;\"><strong>Projektbeschreibung<\/strong><\/p>\n<p style=\"text-align: left;\">Mit dieser Ma\u00dfnahme wird die interessante und facettenreiche Geschichte der Gemeinde Oberau und deren Wandel vom b\u00e4uerlichen Dorf zu einer wirtschaftlich prosperierenden Kommune aufgezeigt. Dabei stellt ein Themenweg &#8211; ausgehend vom neuen Kulturpark in der Ortsmitte &#8211; die Phasen der Ortsgeschichte anschaulich dar. Die Pr\u00e4sentation der Informationen beinhaltet dabei interaktive und erlebnisorientierte Elemente. Wesentliche Teilma\u00dfnahmen dieses Projektes sind: Themenstelen im Kulturpark, Pr\u00e4sentationen an historischen Orten, Schulprojekt zur Gestaltung der Turnhallenfassade sowie \u00d6ffentlichkeitsarbeit und interaktive Medien. Weitere Informationen finden Sie auf der Website <a href=\"https:\/\/www.zugspitzland.de\/oberau\/das-goldene-au\">https:\/\/www.zugspitzland.de\/oberau\/das-goldene-au<\/a><\/p>\n<p style=\"text-align: left;\"><strong>F\u00f6rderhinweis<\/strong><\/p>\n<p>Dieses Projekt wurde durch das Bayerische Staatsministerium f\u00fcr Ern\u00e4hrung, Landwirtschaft und Forsten und den Europ\u00e4ischen Landwirtschaftsfonds f\u00fcr die Entwicklung des l\u00e4ndlichen Raums (ELER) gef\u00f6rdert.<\/p>\n<p style=\"text-align: center;\"><a href=\"https:\/\/www.gemeinde-oberau.de\/wp-content\/uploads\/LEADER_Plakat-Foerderhinweis.jpg\"><img loading=\"lazy\" decoding=\"async\" class=\"alignnone  wp-image-2453\" src=\"https:\/\/www.gemeinde-oberau.de\/wp-content\/uploads\/LEADER_Plakat-Foerderhinweis-300x212.jpg\" alt=\"\" width=\"501\" height=\"353\" srcset=\"https:\/\/www.gemeinde-oberau.de\/wp-content\/uploads\/LEADER_Plakat-Foerderhinweis-300x212.jpg 300w, https:\/\/www.gemeinde-oberau.de\/wp-content\/uploads\/LEADER_Plakat-Foerderhinweis-1024x724.jpg 1024w, https:\/\/www.gemeinde-oberau.de\/wp-content\/uploads\/LEADER_Plakat-Foerderhinweis-768x543.jpg 768w, https:\/\/www.gemeinde-oberau.de\/wp-content\/uploads\/LEADER_Plakat-Foerderhinweis.jpg 1241w\" sizes=\"(max-width: 501px) 100vw, 501px\" \/><\/a><\/p>\n","protected":false},"excerpt":{"rendered":"<p>Projektbeschreibung Mit dieser Ma\u00dfnahme wird die interessante und facettenreiche Geschichte der Gemeinde Oberau und deren Wandel vom b\u00e4uerlichen Dorf zu einer wirtschaftlich prosperierenden Kommune aufgezeigt. Dabei stellt ein Themenweg &#8211; ausgehend vom neuen Kulturpark in der Ortsmitte &#8211; die Phasen der Ortsgeschichte anschaulich dar. Die Pr\u00e4sentation der Informationen beinhaltet dabei interaktive und erlebnisorientierte Elemente. Wesentliche [&hellip;]<\/p>\n","protected":false},"author":4,"featured_media":0,"parent":76,"menu_order":0,"comment_status":"closed","ping_status":"closed","template":"","meta":{"jetpack_post_was_ever_published":false,"footnotes":""},"jetpack_shortlink":"https:\/\/wp.me\/P58YFn-Dy","jetpack_sharing_enabled":true,"_links":{"self":[{"href":"https:\/\/www.gemeinde-oberau.de\/index.php?rest_route=\/wp\/v2\/pages\/2452"}],"collection":[{"href":"https:\/\/www.gemeinde-oberau.de\/index.php?rest_route=\/wp\/v2\/pages"}],"about":[{"href":"https:\/\/www.gemeinde-oberau.de\/index.php?rest_route=\/wp\/v2\/types\/page"}],"author":[{"embeddable":true,"href":"https:\/\/www.gemeinde-oberau.de\/index.php?rest_route=\/wp\/v2\/users\/4"}],"replies":[{"embeddable":true,"href":"https:\/\/www.gemeinde-oberau.de\/index.php?rest_route=%2Fwp%2Fv2%2Fcomments&post=2452"}],"version-history":[{"count":16,"href":"https:\/\/www.gemeinde-oberau.de\/index.php?rest_route=\/wp\/v2\/pages\/2452\/revisions"}],"predecessor-version":[{"id":3599,"href":"https:\/\/www.gemeinde-oberau.de\/index.php?rest_route=\/wp\/v2\/pages\/2452\/revisions\/3599"}],"up":[{"embeddable":true,"href":"https:\/\/www.gemeinde-oberau.de\/index.php?rest_route=\/wp\/v2\/pages\/76"}],"wp:attachment":[{"href":"https:\/\/www.gemeinde-oberau.de\/index.php?rest_route=%2Fwp%2Fv2%2Fmedia&parent=2452"}],"curies":[{"name":"wp","href":"https:\/\/api.w.org\/{rel}","templated":true}]}}