{"id":3112,"date":"2023-10-06T09:42:22","date_gmt":"2023-10-06T07:42:22","guid":{"rendered":"https:\/\/www.gemeinde-oberau.de\/?page_id=3112"},"modified":"2026-03-18T09:01:37","modified_gmt":"2026-03-18T07:01:37","slug":"landtags-und-bezirkswahl-2023","status":"publish","type":"page","link":"https:\/\/www.gemeinde-oberau.de\/?page_id=3112","title":{"rendered":"Gemeinderatswahl und Kreiswahlen 2026"},"content":{"rendered":"\n<div><span style=\"color: initial;\">Die <\/span><span><strong>Ergebnisse<\/strong> <\/span><span style=\"color: initial;\">der Gemeinderatswahl sowie der beiden Kreiswahlen k\u00f6nnen durch entsprechende Auswahl des bei den nachgenannten Wahlen hinterlegten Links eingesehen werden:<\/span><\/div>\n<div>&#8211; <a href=\"https:\/\/wahlen.landkreis-gap.de\/Kommunal26\/Oberau\/Gemeinderat\/index.html\">Gemeinderatswahl Oberau<\/a><\/div>\n<div>&#8211; <a href=\"https:\/\/wahlen.landkreis-gap.de\/Kommunal26\/Landrat\/index.html\">Wahl der Landr\u00e4tin oder des Landrats<\/a><\/div>\n<div>&#8211; <a href=\"https:\/\/wahlen.landkreis-gap.de\/Kommunal26\/Kreistag\/index.html\">Kreistagswahl<\/a><\/div>\n<div>\u00a0<\/div>\n<div>Das sog. vorl\u00e4ufige Wahlergebnis f\u00fcr die <strong>\u00f6rtliche Gemeinderatswahl<\/strong> wurde am 09.03.2026 durch eine entsprechende Bekanntmachung (angebracht an der Anschlagtafel am Rathauszugang) verk\u00fcndet. Der Gemeindewahlausschuss wird in seiner Sitzung am 18.03.2026 das abschlie\u00dfende Wahlergebnis f\u00fcr die Gemeinderatswahl feststellen.<\/div>\n<div>\u00a0<\/div>\n<div>\u00a0<\/div>\n<div>\u00a0<\/div>\n<div>\u00a0<\/div>\n<div>\u00a0<\/div>\n<p>\u00a0<\/p>\n<p>\u00a0<\/p>\n<p>\u00a0<\/p>\n","protected":false},"excerpt":{"rendered":"<p>Die Ergebnisse der Gemeinderatswahl sowie der beiden Kreiswahlen k\u00f6nnen durch entsprechende Auswahl des bei den nachgenannten Wahlen hinterlegten Links eingesehen werden: &#8211; Gemeinderatswahl Oberau &#8211; Wahl der Landr\u00e4tin oder des Landrats &#8211; Kreistagswahl \u00a0 Das sog. vorl\u00e4ufige Wahlergebnis f\u00fcr die \u00f6rtliche Gemeinderatswahl wurde am 09.03.2026 durch eine entsprechende Bekanntmachung (angebracht an der Anschlagtafel am Rathauszugang) [&hellip;]<\/p>\n","protected":false},"author":4,"featured_media":0,"parent":76,"menu_order":0,"comment_status":"closed","ping_status":"closed","template":"","meta":{"jetpack_post_was_ever_published":false,"footnotes":""},"jetpack_shortlink":"https:\/\/wp.me\/P58YFn-Oc","jetpack_sharing_enabled":true,"_links":{"self":[{"href":"https:\/\/www.gemeinde-oberau.de\/index.php?rest_route=\/wp\/v2\/pages\/3112"}],"collection":[{"href":"https:\/\/www.gemeinde-oberau.de\/index.php?rest_route=\/wp\/v2\/pages"}],"about":[{"href":"https:\/\/www.gemeinde-oberau.de\/index.php?rest_route=\/wp\/v2\/types\/page"}],"author":[{"embeddable":true,"href":"https:\/\/www.gemeinde-oberau.de\/index.php?rest_route=\/wp\/v2\/users\/4"}],"replies":[{"embeddable":true,"href":"https:\/\/www.gemeinde-oberau.de\/index.php?rest_route=%2Fwp%2Fv2%2Fcomments&post=3112"}],"version-history":[{"count":31,"href":"https:\/\/www.gemeinde-oberau.de\/index.php?rest_route=\/wp\/v2\/pages\/3112\/revisions"}],"predecessor-version":[{"id":3921,"href":"https:\/\/www.gemeinde-oberau.de\/index.php?rest_route=\/wp\/v2\/pages\/3112\/revisions\/3921"}],"up":[{"embeddable":true,"href":"https:\/\/www.gemeinde-oberau.de\/index.php?rest_route=\/wp\/v2\/pages\/76"}],"wp:attachment":[{"href":"https:\/\/www.gemeinde-oberau.de\/index.php?rest_route=%2Fwp%2Fv2%2Fmedia&parent=3112"}],"curies":[{"name":"wp","href":"https:\/\/api.w.org\/{rel}","templated":true}]}}