{"id":56,"date":"2014-08-26T19:38:32","date_gmt":"2014-08-26T17:38:32","guid":{"rendered":"http:\/\/web16.vps10313.alfahosting-vps.de\/?page_id=56"},"modified":"2026-02-05T11:45:29","modified_gmt":"2026-02-05T09:45:29","slug":"schwimmbad","status":"publish","type":"page","link":"https:\/\/www.gemeinde-oberau.de\/?page_id=56","title":{"rendered":"Schwimmbad"},"content":{"rendered":"<table style=\"width: 100%; border-collapse: collapse; border-style: hidden; border-color: #ffffff;\">\n<tbody>\n<tr>\n<td style=\"width: 67.381%;\"><i style=\"color: #000000;\"><b>&#8222;Das sch\u00f6nstgelegene Schwimmbad im Landkreis&#8220;<\/b><\/i>Das Schwimmbad befindet sich in ruhiger Lage auf einer Anh\u00f6he des M\u00fchlberges am Ortsrand von Oberau. Es ist umrahmt von Wald- und Gr\u00fcnfl\u00e4chen und bietet als Kulisse einen herrlichen Blick auf die Berge.<\/td>\n<td style=\"width: 4.52378%; border-style: hidden; background-color: #d4d3d2; vertical-align: middle;\"><\/td>\n<td style=\"width: 28.0952%; border-style: hidden; background-color: #d4d3d2; vertical-align: middle;\">Gemeindeverwaltung<br \/>\nTel.: 08824 92 00 19Herr Sch\u00f6nweitz<br \/>\nAm M\u00fchlberg 3<br \/>\n82496 Oberau<br \/>\nTel.: 08824 944 123<\/td>\n<\/tr>\n<\/tbody>\n<\/table>\n<blockquote>\n<p style=\"color: #000000;\"><em>Aktuelle \u00d6ffnungszeiten und Wassertemperaturen finden Sie <a href=\"https:\/\/www.zugspitzland.de\/oberau\/alpenschwimmbad#c40343\" target=\"_blank\" rel=\"noopener\">hier<\/a><\/em><\/p>\n<\/blockquote>\n<p><span style=\"color: #ffffff;\">.<\/span><\/p>\n<div id=\"attachment_57\" style=\"width: 249px\" class=\"wp-caption aligncenter\"><a href=\"\/wp-content\/uploads\/bad5.jpg\"><img loading=\"lazy\" decoding=\"async\" aria-describedby=\"caption-attachment-57\" class=\"size-full wp-image-57\" src=\"\/wp-content\/uploads\/bad5.jpg\" alt=\"Alpenschwimmbad Oberau\" width=\"239\" height=\"175\" \/><\/a><p id=\"caption-attachment-57\" class=\"wp-caption-text\">Alpenschwimmbad Oberau<\/p><\/div>\n<p>Auf dem Schwimmbadgel\u00e4nde sind ein Natursee und ein solarbeheiztes Badebecken angelegt, das sich in einen Nichtschwimmerbereich mit Bodensprudler und drei Massaged\u00fcsen sowie in einen Schwimmerbereich mit vier wettkampfgerechten Bahnen und einer Sprunganlage gliedert. Au\u00dferdem gibt es ein Planschbecken, das unterteilt und deshalb auch f\u00fcr Kleinstkinder geeignet ist.<\/p>\n<table border=\"0\" cellspacing=\"0\" cellpadding=\"5\">\n<tbody>\n<tr valign=\"top\">\n<td>Schwimmbecken<\/td>\n<td>\n<p align=\"right\">380 qm<\/p>\n<\/td>\n<\/tr>\n<tr valign=\"top\">\n<td width=\"180\">Wettkampfeinrichtungen \/ Bahnen<\/td>\n<td width=\"100\">\n<p align=\"right\">4<\/p>\n<\/td>\n<\/tr>\n<tr valign=\"top\">\n<td width=\"180\">Sprungbecken \/ 3-m-Brett \/ Tiefe 3,4 m<\/td>\n<td width=\"100\">\n<p align=\"right\">77 qm<\/p>\n<\/td>\n<\/tr>\n<tr valign=\"top\">\n<td width=\"180\">Nichtschwimmerbecken \/ Tiefe 70\/120 cm<\/td>\n<td width=\"100\">\n<p align=\"right\">244 qm<\/p>\n<\/td>\n<\/tr>\n<tr valign=\"top\">\n<td width=\"180\">Kinderplanschbecken \/ max. Tiefe 50 cm<\/td>\n<td width=\"100\">\n<p align=\"right\">50 qm<\/p>\n<\/td>\n<\/tr>\n<tr valign=\"top\">\n<td width=\"180\">Natursee<\/td>\n<td width=\"100\">\n<p align=\"right\">1.200 qm<\/p>\n<\/td>\n<\/tr>\n<tr valign=\"top\">\n<td width=\"180\">Liegewiese<\/td>\n<td width=\"100\">\n<p align=\"right\">10.000 qm<\/p>\n<\/td>\n<\/tr>\n<tr valign=\"top\">\n<td width=\"180\">Spielplatz<\/td>\n<td width=\"100\"><\/td>\n<\/tr>\n<tr valign=\"top\">\n<td width=\"180\">Tischtennis<\/td>\n<td width=\"100\"><\/td>\n<\/tr>\n<tr valign=\"top\">\n<td width=\"180\">Beachvolleyballplatz mit feinstem Sand<\/td>\n<td width=\"100\"><\/td>\n<\/tr>\n<tr valign=\"top\">\n<td width=\"180\">Kneipp-Tretbecken<\/td>\n<td width=\"100\"><\/td>\n<\/tr>\n<\/tbody>\n<\/table>\n<p style=\"color: #000000;\"><strong>Eintrittspreise<\/strong><\/p>\n<table border=\"1\" width=\"100%\" frame=\"void\" rules=\"cols\" cellspacing=\"0\" cellpadding=\"5\">\n<tbody>\n<tr>\n<td valign=\"top\" width=\"203\"><\/td>\n<td width=\"252\">Erwachsene<\/td>\n<td valign=\"top\" width=\"122\">erm\u00e4\u00dfigte Geb\u00fchren f\u00fcr Kinder von 6 bis 16 Jahren<\/td>\n<\/tr>\n<tr valign=\"top\">\n<td width=\"203\">Tageskarte<\/td>\n<td style=\"text-align: center;\" width=\"252\">\u00a0 6,00 \u20ac<\/td>\n<td style=\"text-align: center;\" width=\"122\">\u00a0 2,50 \u20ac<\/td>\n<\/tr>\n<tr>\n<td valign=\"top\" width=\"203\">Tageskarte f\u00fcr Ortsans\u00e4ssige\u00a0und Besucher mit Oberauer G\u00e4stekarte oder G\u00e4stekarte des Zugspitzlandes<\/td>\n<td style=\"text-align: center;\" width=\"100\">\u00a0 5,00 \u20ac<\/td>\n<td style=\"text-align: center;\" width=\"122\">\u00a0 2,50 \u20ac<\/td>\n<\/tr>\n<tr>\n<td valign=\"top\" width=\"203\">10-Punkte-Karte<\/td>\n<td style=\"text-align: center;\" width=\"252\">45,00 \u20ac<\/td>\n<td style=\"text-align: center;\" width=\"122\">22,00 \u20ac<\/td>\n<\/tr>\n<tr valign=\"top\">\n<td width=\"203\">Saisonkarte<\/td>\n<td style=\"text-align: center;\" width=\"252\">80,00 \u20ac<\/td>\n<td width=\"122\"><\/td>\n<\/tr>\n<tr valign=\"top\">\n<td width=\"203\">f\u00fcr das 1. Kind<\/td>\n<td width=\"252\"><\/td>\n<td style=\"text-align: center;\" width=\"122\">40,00 \u20ac<\/td>\n<\/tr>\n<tr valign=\"top\">\n<td width=\"203\">f\u00fcr das 2. Kind<\/td>\n<td width=\"252\"><\/td>\n<td style=\"text-align: center;\" width=\"122\">20,00 \u20ac<\/td>\n<\/tr>\n<tr valign=\"top\">\n<td width=\"203\">f\u00fcr das 3. Kind<\/td>\n<td width=\"252\"><\/td>\n<td style=\"text-align: center;\" width=\"122\">\u00a0 0,00 \u20ac<\/td>\n<\/tr>\n<tr valign=\"top\">\n<td width=\"203\">Familienkarte (2 Erwachsene und eigene Kinder)<\/td>\n<td width=\"252\"><\/td>\n<td style=\"text-align: center;\" width=\"122\">170,00 \u20ac<\/td>\n<\/tr>\n<tr valign=\"top\">\n<td width=\"203\">Mutter\/Vater-Kind-Karte (1 Erwachsener und eigene Kinder)<\/td>\n<td width=\"252\"><\/td>\n<td style=\"text-align: center;\" width=\"122\">110,00 \u20ac<\/td>\n<\/tr>\n<\/tbody>\n<tbody>\n<tr valign=\"top\">\n<td width=\"203\"><\/td>\n<td style=\"text-align: center;\" width=\"252\"><\/td>\n<td style=\"text-align: center;\" width=\"122\"><\/td>\n<\/tr>\n<\/tbody>\n<\/table>\n<p><em>Die erm\u00e4\u00dfigten Geb\u00fchren gelten auch f\u00fcr Schwerbehinderte mit einer Minderung der Erwerbsf\u00e4higkeit von mindestens 50 Prozent; genehmigte Begleitpersonen erhalten freien Eintritt.<\/em><\/p>\n<p><strong>Jahresverbundkarte<\/strong> (f\u00fcr das Schwimmbad und den Skilift in Oberau, g\u00fcltig vom 01.04 bis 31.03 des Folgejahres)<\/p>\n<table border=\"1\" width=\"100%\" frame=\"void\" rules=\"cols\" cellspacing=\"0\" cellpadding=\"5\">\n<tbody>\n<tr>\n<td valign=\"top\" width=\"203\"><\/td>\n<td style=\"text-align: center;\" width=\"252\">Erwachsene<\/td>\n<td valign=\"top\" width=\"122\">erm\u00e4\u00dfigte Geb\u00fchren f\u00fcr Kinder von 6 bis 16 Jahren<\/td>\n<\/tr>\n<\/tbody>\n<tbody>\n<tr valign=\"top\">\n<td width=\"203\">Jahresverbundkarte<\/td>\n<td style=\"text-align: center;\" width=\"252\">120,00 \u20ac<\/td>\n<td style=\"text-align: center;\" width=\"122\">\u00a070,00 \u20ac<\/td>\n<\/tr>\n<tr valign=\"top\">\n<td width=\"203\">Familienkarte (2 Erwachsene und eigene Kinder)<\/td>\n<td width=\"252\"><\/td>\n<td style=\"text-align: center;\" width=\"122\">220,00 \u20ac<\/td>\n<\/tr>\n<tr valign=\"top\">\n<td width=\"203\">Mutter\/Vater-Kind-Karte (1 Erwachsener und eigene Kinder)<\/td>\n<td width=\"252\"><\/td>\n<td style=\"text-align: center;\" width=\"122\">140,00 \u20ac<\/td>\n<\/tr>\n<\/tbody>\n<\/table>\n<p>F\u00fcr die Ausstellung der Jahresverbundp\u00e4sse werden Passbilder ben\u00f6tigt. Nach dem Kauf eines Saisonpasses an der Schwimmbadkasse werden die Jahresverbundp\u00e4sse gegen Vorlage und Aufzahlung in der Tourist-Information ausgestellt.<\/p>\n<p><strong>\u00d6ffnungszeiten<\/strong><br \/>\nDas Schwimmbad ist von Mitte Mai bis Anfang September t\u00e4glich von 9.00 bis 20.00 Uhr ge\u00f6ffnet, witterungsbedingte Schlie\u00dfungen bleiben vorbehalten.<\/p>\n<p><img decoding=\"async\" src=\"https:\/\/www.gemeinde-oberau.de\/wp-content\/uploads\/Schwimmbad1-scaled.jpg\" \/><\/p>\n<p><img decoding=\"async\" src=\"https:\/\/www.gemeinde-oberau.de\/wp-content\/uploads\/Schwimmbad2-scaled.jpg\" \/><\/p>\n","protected":false},"excerpt":{"rendered":"<p>&#8222;Das sch\u00f6nstgelegene Schwimmbad im Landkreis&#8220;Das Schwimmbad befindet sich in ruhiger Lage auf einer Anh\u00f6he des M\u00fchlberges am Ortsrand von Oberau. Es ist umrahmt von Wald- und Gr\u00fcnfl\u00e4chen und bietet als Kulisse einen herrlichen Blick auf die Berge. Gemeindeverwaltung Tel.: 08824 92 00 19Herr Sch\u00f6nweitz Am M\u00fchlberg 3 82496 Oberau Tel.: 08824 944 123 Aktuelle \u00d6ffnungszeiten [&hellip;]<\/p>\n","protected":false},"author":1,"featured_media":0,"parent":49,"menu_order":0,"comment_status":"closed","ping_status":"closed","template":"","meta":{"jetpack_post_was_ever_published":false,"footnotes":""},"jetpack_shortlink":"https:\/\/wp.me\/P58YFn-U","jetpack_sharing_enabled":true,"_links":{"self":[{"href":"https:\/\/www.gemeinde-oberau.de\/index.php?rest_route=\/wp\/v2\/pages\/56"}],"collection":[{"href":"https:\/\/www.gemeinde-oberau.de\/index.php?rest_route=\/wp\/v2\/pages"}],"about":[{"href":"https:\/\/www.gemeinde-oberau.de\/index.php?rest_route=\/wp\/v2\/types\/page"}],"author":[{"embeddable":true,"href":"https:\/\/www.gemeinde-oberau.de\/index.php?rest_route=\/wp\/v2\/users\/1"}],"replies":[{"embeddable":true,"href":"https:\/\/www.gemeinde-oberau.de\/index.php?rest_route=%2Fwp%2Fv2%2Fcomments&post=56"}],"version-history":[{"count":44,"href":"https:\/\/www.gemeinde-oberau.de\/index.php?rest_route=\/wp\/v2\/pages\/56\/revisions"}],"predecessor-version":[{"id":3873,"href":"https:\/\/www.gemeinde-oberau.de\/index.php?rest_route=\/wp\/v2\/pages\/56\/revisions\/3873"}],"up":[{"embeddable":true,"href":"https:\/\/www.gemeinde-oberau.de\/index.php?rest_route=\/wp\/v2\/pages\/49"}],"wp:attachment":[{"href":"https:\/\/www.gemeinde-oberau.de\/index.php?rest_route=%2Fwp%2Fv2%2Fmedia&parent=56"}],"curies":[{"name":"wp","href":"https:\/\/api.w.org\/{rel}","templated":true}]}}