{"id":900,"date":"2016-11-29T08:32:34","date_gmt":"2016-11-29T06:32:34","guid":{"rendered":"http:\/\/www.gemeinde-oberau.de\/?page_id=900"},"modified":"2025-03-10T19:05:08","modified_gmt":"2025-03-10T17:05:08","slug":"sterbeverein-oberau","status":"publish","type":"page","link":"https:\/\/www.gemeinde-oberau.de\/?page_id=900","title":{"rendered":"Sterbeverein"},"content":{"rendered":"<table style=\"border-style: hidden; background-color: #ffffff; width: 100%;\">\n<tbody>\n<tr>\n<td style=\"width: 61.785714%; vertical-align: top;\"><strong>Der Allgemeine Sterbeverein Oberau wurde am 15. Januar 1928 gegr\u00fcndet und ist karitativ t\u00e4tig, in dem er die Angeh\u00f6rigen eines verstorbenen Mitglieds durch die Auszahlung eines Sterbegeldes unterst\u00fctzt.<\/strong><\/td>\n<td style=\"width: 38.214286%; background-color: #d9d5e3; vertical-align: top;\">\n<p style=\"text-align: right;\"><strong>1. Vorsitzender<\/strong><br \/>Christian Allinger<br \/>Schmiedeweg 30<br \/>82496 Oberau<br \/><a href=\"mailto:sterbeverein@oberau-online.de\">sterbeverein@oberau-online.de<\/a><\/p>\n<p style=\"text-align: right;\"><strong>Hotline-Tel.: 08824 2759984<\/strong><br \/>Bitte sprechen Sie Ihren Namen sowie Anliegen und R\u00fcckrufnummer auf den Anrufbeantworter, ein Vorstandsmitglied wird Sie so schnell wie m\u00f6glich zur\u00fcckrufen.<\/p>\n<\/td>\n<\/tr>\n<\/tbody>\n<\/table>\n<p><img decoding=\"async\" src=\"https:\/\/www.gemeinde-oberau.de\/wp-content\/uploads\/c22ed660-0a1b-4584-9138-d30817abfab2.jpeg\" \/><\/p>\n<table style=\"border-collapse: collapse; width: 100%;\">\n<tbody>\n<tr>\n<td style=\"width: 50%;\"><strong>1. Vorsitzender<\/strong><br \/>Christian Allinger<br \/>Schmiedeweg 30<br \/>82496 Oberau<br \/><a href=\"mailto:sterbeverein@oberau-online.de\">sterbeverein@oberau-online.de<\/a><\/td>\n<td style=\"width: 50%; vertical-align: top;\"><strong>2. Vorsitzende<\/strong><br \/>Christine Saller<\/td>\n<\/tr>\n<tr>\n<td style=\"width: 50%;\"><strong>Schriftf\u00fchrerin<\/strong><br \/>Birgit Daisenberger<\/td>\n<td style=\"width: 50%;\"><strong>Hauptkassierer<\/strong><br \/>Christian Dirner<\/td>\n<\/tr>\n<tr>\n<td style=\"width: 50%;\"><strong>Sprengelkassiere<br \/><\/strong>Angela Stiegelschmitt<br \/>Nandl Klein<\/td>\n<td style=\"width: 50%;\"><strong>Kassenpr\u00fcfer<\/strong><br \/>Georg F\u00fchrmann<br \/>Peter Fink<\/td>\n<\/tr>\n<\/tbody>\n<\/table>\n\n\n<p><a href=\"https:\/\/www.gemeinde-oberau.de\/wp-content\/uploads\/Sterbeverein-Oberau-neue-Satzung-2024.pdf\">Aktuelle Satzung des Sterbevereins Oberau.<\/a><\/p>\n<p><a href=\"https:\/\/www.gemeinde-oberau.de\/wp-content\/uploads\/Aufnahmeschein-2024.docx.pdf\">Mitgliedsantrag Sterbeverein Oberau<\/a> &#8211; wichtig, es k\u00f6nnen nur Personen aufgenommen werden, die ihren Wohnsitz in Oberau haben oder in Oberau arbeiten.<\/p>\n<p><a href=\"https:\/\/www.gemeinde-oberau.de\/wp-content\/uploads\/Sterbegeldauszahlungsermaechtigung.docx.pdf\">Formular Festsetzung des Sterbegeldemf\u00e4ngers.<\/a><\/p>\n","protected":false},"excerpt":{"rendered":"<p>Der Allgemeine Sterbeverein Oberau wurde am 15. Januar 1928 gegr\u00fcndet und ist karitativ t\u00e4tig, in dem er die Angeh\u00f6rigen eines verstorbenen Mitglieds durch die Auszahlung eines Sterbegeldes unterst\u00fctzt. 1. VorsitzenderChristian AllingerSchmiedeweg 3082496 Oberausterbeverein@oberau-online.de Hotline-Tel.: 08824 2759984Bitte sprechen Sie Ihren Namen sowie Anliegen und R\u00fcckrufnummer auf den Anrufbeantworter, ein Vorstandsmitglied wird Sie so schnell wie m\u00f6glich [&hellip;]<\/p>\n","protected":false},"author":3,"featured_media":0,"parent":149,"menu_order":0,"comment_status":"closed","ping_status":"closed","template":"","meta":{"jetpack_post_was_ever_published":false,"footnotes":""},"jetpack_shortlink":"https:\/\/wp.me\/P58YFn-ew","jetpack_sharing_enabled":true,"_links":{"self":[{"href":"https:\/\/www.gemeinde-oberau.de\/index.php?rest_route=\/wp\/v2\/pages\/900"}],"collection":[{"href":"https:\/\/www.gemeinde-oberau.de\/index.php?rest_route=\/wp\/v2\/pages"}],"about":[{"href":"https:\/\/www.gemeinde-oberau.de\/index.php?rest_route=\/wp\/v2\/types\/page"}],"author":[{"embeddable":true,"href":"https:\/\/www.gemeinde-oberau.de\/index.php?rest_route=\/wp\/v2\/users\/3"}],"replies":[{"embeddable":true,"href":"https:\/\/www.gemeinde-oberau.de\/index.php?rest_route=%2Fwp%2Fv2%2Fcomments&post=900"}],"version-history":[{"count":25,"href":"https:\/\/www.gemeinde-oberau.de\/index.php?rest_route=\/wp\/v2\/pages\/900\/revisions"}],"predecessor-version":[{"id":3547,"href":"https:\/\/www.gemeinde-oberau.de\/index.php?rest_route=\/wp\/v2\/pages\/900\/revisions\/3547"}],"up":[{"embeddable":true,"href":"https:\/\/www.gemeinde-oberau.de\/index.php?rest_route=\/wp\/v2\/pages\/149"}],"wp:attachment":[{"href":"https:\/\/www.gemeinde-oberau.de\/index.php?rest_route=%2Fwp%2Fv2%2Fmedia&parent=900"}],"curies":[{"name":"wp","href":"https:\/\/api.w.org\/{rel}","templated":true}]}}